{"id":24,"date":"2025-04-01T12:31:27","date_gmt":"2025-04-01T10:31:27","guid":{"rendered":"https:\/\/baumstarkarchitecture.com\/?page_id=24"},"modified":"2026-04-07T03:48:37","modified_gmt":"2026-04-07T01:48:37","slug":"mentions-legales-et-confidentialite","status":"publish","type":"page","link":"https:\/\/www.baumstarkarchitecture.com\/en\/mentions-legales-et-confidentialite","title":{"rendered":"Legal information and confidentiality"},"content":{"rendered":"<div class=\"brz-root__container brz-reset-all brz brz-root__container-page\">\n<section id=\"7dc4a148e699f6f32774_lBdj8wwc_uqj\" class=\"brz-section brz-css-kerwyk\">\n<div class=\"brz-section__content brz-section--boxed brz-css-pd21q0 brz-css-cnwywl\" data-brz-custom-id=\"v8LFpRMYLWiw\">\n<div class=\"brz-bg\">\n<div class=\"brz-bg-color\"><\/div>\n<\/div>\n<div class=\"brz-container brz-css-16timyl\">\n<div id=\"\" class=\"brz-css-13rdtgo brz-css-14ttq6n brz-wrapper\">\n<div class=\"brz-wp__breadcrumbs brz-css-uzjuxv brz-css-lk5613\" data-brz-custom-id=\"qjwShlsrlqjr\">\n<div><\/div>\n<\/div>\n<\/div>\n<div id=\"\" class=\"brz-css-13rdtgo brz-css-x42g5x brz-wrapper\">\n<div class=\"brz-spacer brz-css-1crq6c4 brz-css-hfmdvj\"><\/div>\n<\/div>\n<div id=\"\" class=\"brz-css-13rdtgo brz-wrapper\">\n<div class=\"brz-rich-text brz-rich-text__custom brz-css-5trseg\" data-brz-custom-id=\"n309A8sqOX8e\">\n<div data-brz-translate-text=\"1\">\n<p class=\"brz-tp-lg-paragraph brz-css-hQMfe\" data-generated-css=\"brz-css-cXa_D\" data-uniq-id=\"wFq2u\"><strong class=\"brz-cp-color2\">MENTIONS L\u00c9GALES<\/strong><\/p>\n<p class=\"brz-tp-lg-paragraph brz-css-eQgU5\" data-generated-css=\"brz-css-id1Tf\" data-uniq-id=\"gNPKi\"><strong class=\"brz-cp-color2\"> <\/strong><\/p>\n<p class=\"brz-tp-lg-paragraph brz-css-cZZD3\" data-generated-css=\"brz-css-nNAiA\" data-uniq-id=\"l0RHT\"><strong class=\"brz-cp-color2\">\u00c9diteur<\/strong><\/p>\n<p class=\"brz-tp-lg-paragraph brz-css-gmZ7r\" data-generated-css=\"brz-css-w9WC0\" data-uniq-id=\"izBAM\"><span class=\"brz-cp-color2\">Baumstark Architecture<\/span><\/p>\n<p class=\"brz-tp-lg-paragraph brz-css-y06e8\" data-generated-css=\"brz-css-cDzM9\" data-uniq-id=\"kf20K\"><span class=\"brz-cp-color2\"> <\/span><\/p>\n<p class=\"brz-tp-lg-paragraph brz-css-pBKPo\" data-generated-css=\"brz-css-tQ7dM\" data-uniq-id=\"t3jUq\"><strong class=\"brz-cp-color2\">Direction de publication<\/strong><\/p>\n<p class=\"brz-tp-lg-paragraph brz-css-wiqw5\" data-generated-css=\"brz-css-uPRCY\" data-uniq-id=\"cFuhN\"><span class=\"brz-cp-color2\">Titus Baumstark <\/span><\/p>\n<p class=\"brz-tp-lg-paragraph brz-css-vKsw4\" data-generated-css=\"brz-css-zPp0r\" data-uniq-id=\"kjQCN\"><span class=\"brz-cp-color2\"> <\/span><\/p>\n<p class=\"brz-tp-lg-paragraph brz-css-s1PoN\" data-generated-css=\"brz-css-tG4H5\" data-uniq-id=\"n2sUn\"><strong class=\"brz-cp-color2\">Conception du site internet<\/strong><\/p>\n<p class=\"brz-tp-lg-paragraph brz-css-i1WoA\" data-generated-css=\"brz-css-aNnUC\" data-uniq-id=\"wiqal\"><span class=\"brz-cp-color2\">Site internet cr\u00e9e avec passion par <\/span><a class=\"link--external brz-cp-color3 brz-underline-true\" href=\"https:\/\/www.leweboskop.fr\/\" data-brz-link-type=\"external\" target=\"_blank\"><u>LeWeboskop<\/u><\/a><span class=\"brz-cp-color2\"> sp\u00e9cialiste en conception de site internet sur mesure.<\/span><\/p>\n<p class=\"brz-tp-lg-paragraph brz-css-pq1Ci\" data-generated-css=\"brz-css-g4mIB\" data-uniq-id=\"fDbf4\"><span class=\"brz-cp-color2\"> <\/span><\/p>\n<p class=\"brz-tp-lg-paragraph brz-css-wxjXH\" data-generated-css=\"brz-css-mvZDb\" data-uniq-id=\"grBup\"><strong class=\"brz-cp-color2\">H\u00e9bergeur<\/strong><\/p>\n<p class=\"brz-ff-lato brz-ft-google brz-fs-lg-18 brz-fss-lg-px brz-fw-lg-300 brz-ls-lg-0 brz-lh-lg-1_7 brz-vfw-lg-400 brz-fwdth-lg-100 brz-fsft-lg-0 brz-tp-lg-paragraph brz-css-nt3TO\" data-generated-css=\"brz-css-kRROM\" data-uniq-id=\"sgsAM\"><span class=\"brz-cp-color1\">Le site est h\u00e9berg\u00e9 par la soci\u00e9t\u00e9 : <\/span><span class=\"brz-cp-color1\"> <\/span><span class=\"brz-cp-color1\">O2switch \u2013 222 Boulevard Gustave Flaubert \u2013 63000 Clermont-Ferrand.<\/span><\/p>\n<p class=\"brz-tp-lg-empty brz-ff-lato brz-ft-google brz-fs-lg-18 brz-fss-lg-px brz-fw-lg-300 brz-ls-lg-0 brz-lh-lg-1_7 brz-vfw-lg-400 brz-fwdth-lg-100 brz-fsft-lg-0 brz-css-t3VZV\" data-generated-css=\"brz-css-fOZo0\" data-uniq-id=\"gpU6k\"><span class=\"brz-cp-color1\">Pour contacter cet h\u00e9bergeur, rendez-vous \u00e0 cette adresse : <\/span><span class=\"brz-cp-color1 brz-span\">o2switch.fr<\/span><\/p>\n<p class=\"brz-tp-lg-paragraph brz-css-m78lU\" data-generated-css=\"brz-css-qVkO8\" data-uniq-id=\"pKAyw\"><\/p>\n<p class=\"brz-tp-lg-paragraph brz-css-pO6lW\" data-generated-css=\"brz-css-jdwUW\" data-uniq-id=\"vzCan\"><strong class=\"brz-cp-color2\">Droit d\u2019auteur \u2013 Copyright<\/strong><\/p>\n<p class=\"brz-tp-lg-paragraph brz-bcp-color1 brz-css-e4grO\" data-generated-css=\"brz-css-hm2X9\" data-uniq-id=\"c6yMm\"><span class=\"brz-cp-color2\">L\u2019ensemble de ce site rel\u00e8ve des l\u00e9gislations fran\u00e7aise et internationale sur le droit d\u2019auteur et la propri\u00e9t\u00e9 intellectuelle. Tous les droits de reproduction sont r\u00e9serv\u00e9s, y compris pour les documents iconographiques et photographiques. La reproduction de tout ou partie de ce site sur un support \u00e9lectronique quel qu\u2019il soit est formellement interdite sauf autorisation expresse du directeur de la publication. Les droits de reproduction sont r\u00e9serv\u00e9s et strictement limit\u00e9s. <\/span><\/p>\n<p class=\"brz-tp-lg-empty brz-fw-lg-500 brz-fss-lg-px brz-fs-lg-16 brz-ft-google brz-ff-quicksand brz-mt-lg-33 brz-ls-lg-0 brz-lh-lg-1_7 brz-css-kimks\" data-generated-css=\"brz-css-mg2mF\" data-uniq-id=\"jQUCI\"><strong class=\"brz-cp-color2\">POLITIQUE DE CONFIDENTIALIT\u00c9<\/strong><\/p>\n<p class=\"brz-tp-lg-paragraph brz-css-zIBDM\" data-generated-css=\"brz-css-lpmCb\" data-uniq-id=\"p6jPN\"><strong class=\"brz-cp-color2\"> <\/strong><\/p>\n<p class=\"brz-tp-lg-paragraph brz-css-pp1iD\" data-generated-css=\"brz-css-hSS0H\" data-uniq-id=\"dJ9rr\"><strong class=\"brz-cp-color2\">Introduction<\/strong><\/p>\n<p class=\"brz-tp-lg-paragraph brz-css-oJojA\" data-generated-css=\"brz-css-cOmf3\" data-uniq-id=\"pHae4\"><span class=\"brz-cp-color2\">Dans le cadre de son activit\u00e9, Baumstark Architecture est amen\u00e9e \u00e0 collecter et \u00e0 traiter des informations dont certaines sont qualifi\u00e9es de \u201cdonn\u00e9es personnelles\u201d. Baumstark Architecture attache ne grande importance au respect de la vie priv\u00e9e et n\u2019utilise que des donn\u00e9es de mani\u00e8re responsable et confidentielle et dans une finalit\u00e9 pr\u00e9cise.<\/span><\/p>\n<p class=\"brz-tp-lg-paragraph brz-css-mhaIj\" data-generated-css=\"brz-css-l3sU3\" data-uniq-id=\"wpb5M\"><\/p>\n<p class=\"brz-tp-lg-paragraph brz-css-sTkXA\" data-generated-css=\"brz-css-u5vW8\" data-uniq-id=\"zqXDx\"><strong class=\"brz-cp-color2\">Donn\u00e9es personnelles<\/strong><\/p>\n<p class=\"brz-tp-lg-paragraph brz-css-ykJ02\" data-generated-css=\"brz-css-sy_8k\" data-uniq-id=\"tVqDU\"><span class=\"brz-cp-color2\">Sur ce site web, il y a 2 types de donn\u00e9es susceptibles d\u2019\u00eatre recueillies :<\/span><\/p>\n<ul>\n<li class=\"brz-tp-lg-paragraph brz-bcp-color2 brz-css-gZBQ1\" data-generated-css=\"brz-css-kUnqG\" data-uniq-id=\"jAnm6\"><span class=\"brz-cp-color2\">Les donn\u00e9es transmises directement : ces donn\u00e9es sont celles que vous nous transmettez directement via un formulaire de contact ou bien par contact direct par email. Sont obligatoires dans le formulaire de contact les champs \u201cpr\u00e9nom\u201d, \u201cnom\u201d, \u201cemail\u201d et \u201cmessage\u201d.<\/span><\/li>\n<li class=\"brz-tp-lg-paragraph brz-bcp-color2 brz-css-ubjES\" data-generated-css=\"brz-css-cYqj6\" data-uniq-id=\"bljXI\"><span class=\"brz-cp-color2\">Les donn\u00e9es collect\u00e9es automatiquement : lors de vos visites, une fois votre consentement donn\u00e9, nous pouvons recueillir des informations de type \u00ab web analytics \u00bb relatives \u00e0 votre navigation, la dur\u00e9e de votre consultation, votre adresse IP, votre type et version de navigateur. La technologie utilis\u00e9e est le cookie.<\/span><\/li>\n<\/ul>\n<p class=\"brz-tp-lg-paragraph brz-css-uH8_Z\" data-generated-css=\"brz-css-gMnvN\" data-uniq-id=\"fEoCB\"><\/p>\n<p class=\"brz-tp-lg-paragraph brz-css-k4o8D\" data-generated-css=\"brz-css-dIJCP\" data-uniq-id=\"hVoAg\"><strong class=\"brz-cp-color2\">Utilisation des donn\u00e9es<\/strong><\/p>\n<p class=\"brz-tp-lg-paragraph brz-css-dU1H1\" data-generated-css=\"brz-css-kV99d\" data-uniq-id=\"zd0r7\"><span class=\"brz-cp-color2\">Les donn\u00e9es que vous nous transmettez directement sont utilis\u00e9es dans le but de vous re-contacter et\/ou dans le cadre de la demande que vous nous faites. Les donn\u00e9es \u00ab web analytics \u00bb sont collect\u00e9es de forme anonyme (en enregistrant des adresses IP anonymes) par Matomo Analytics, et nous permettent de mesurer l\u2019audience de notre site web, les consultations et les \u00e9ventuelles erreurs afin d\u2019am\u00e9liorer constamment l\u2019exp\u00e9rience des utilisateurs. Ces donn\u00e9es sont utilis\u00e9es par Baumstark Architecture responsable du traitement des donn\u00e9es, et ne seront jamais c\u00e9d\u00e9es \u00e0 un tiers ni utilis\u00e9es \u00e0 d\u2019autres fins que celles d\u00e9taill\u00e9es ci-dessus.<\/span><\/p>\n<p class=\"brz-tp-lg-paragraph brz-css-k1opG\" data-generated-css=\"brz-css-oQpOc\" data-uniq-id=\"whbEi\"><\/p>\n<p class=\"brz-tp-lg-paragraph brz-css-ztIaI\" data-generated-css=\"brz-css-yJLrW\" data-uniq-id=\"pkFLv\"><strong class=\"brz-cp-color2\">Base l\u00e9gale<\/strong><\/p>\n<p class=\"brz-tp-lg-paragraph brz-css-jbsY3\" data-generated-css=\"brz-css-fkxir\" data-uniq-id=\"z91yO\"><span class=\"brz-cp-color2\">Les donn\u00e9es personnelles ne sont collect\u00e9es qu\u2019apr\u00e8s consentement obligatoire de l\u2019utilisateur. Ce consentement est valablement recueilli (boutons), libre, clair et sans \u00e9quivoque.<\/span><\/p>\n<p class=\"brz-tp-lg-paragraph brz-css-us7pd\" data-generated-css=\"brz-css-t2TB1\" data-uniq-id=\"hvdQv\"><\/p>\n<p class=\"brz-tp-lg-paragraph brz-css-x_WWs\" data-generated-css=\"brz-css-chbm3\" data-uniq-id=\"btbbh\"><strong class=\"brz-cp-color2\">Dur\u00e9e de conservation<\/strong><\/p>\n<p class=\"brz-tp-lg-paragraph brz-css-ycOH4\" data-generated-css=\"brz-css-qQ2X_\" data-uniq-id=\"aT5Rl\"><span class=\"brz-cp-color2\">Les donn\u00e9es seront sauvegard\u00e9es durant une dur\u00e9e maximale de 3 ans.<\/span><\/p>\n<p class=\"brz-tp-lg-paragraph brz-css-mDj4I\" data-generated-css=\"brz-css-dVYYh\" data-uniq-id=\"nSrcQ\"><\/p>\n<p class=\"brz-tp-lg-paragraph brz-css-qM3VW\" data-generated-css=\"brz-css-g4OIL\" data-uniq-id=\"pTDtC\"><strong class=\"brz-cp-color2\">Cookies<\/strong><\/p>\n<p class=\"brz-tp-lg-paragraph brz-css-iutkf\" data-generated-css=\"brz-css-jVH_V\" data-uniq-id=\"enT3P\"><span class=\"brz-cp-color2\">Voici la liste des cookies utilis\u00e9s et leur objectif :<\/span><\/p>\n<ul>\n<li class=\"brz-tp-lg-paragraph brz-bcp-color2 brz-css-fryfu\" data-generated-css=\"brz-css-mbq5T\" data-uniq-id=\"hSHPM\"><span class=\"brz-cp-color2\">Cookies Matomo Analytics : web analytics<\/span><\/li>\n<li class=\"brz-tp-lg-paragraph brz-bcp-color2 brz-css-it8AJ\" data-generated-css=\"brz-css-bHmMk\" data-uniq-id=\"xpJ6h\"><span class=\"brz-cp-color2\">Gdpr Cookie Consent : permet de garder en m\u00e9moire le fait que vous acceptez les cookies afin de ne plus vous importuner lors de votre prochaine visite.<\/span><\/li>\n<\/ul>\n<p class=\"brz-tp-lg-paragraph brz-css-wAs8W\" data-generated-css=\"brz-css-dhsJp\" data-uniq-id=\"ss_4T\"><\/p>\n<p class=\"brz-tp-lg-paragraph brz-css-rOkmk\" data-generated-css=\"brz-css-rhXjx\" data-uniq-id=\"pwdim\"><strong class=\"brz-cp-color2\">Vos droits concernant les donn\u00e9es personnelles<\/strong><\/p>\n<p class=\"brz-tp-lg-paragraph brz-css-ie8RF\" data-generated-css=\"brz-css-ny2Ke\" data-uniq-id=\"l4xvE\"><span class=\"brz-cp-color2\">Vous avez le droit de consultation, demande de modification ou d\u2019effacement sur l\u2019ensemble de vos donn\u00e9es personnelles. Vous pouvez \u00e9galement retirer votre consentement au traitement de vos donn\u00e9es.<\/span><\/p>\n<p class=\"brz-tp-lg-paragraph brz-css-xWKVb\" data-generated-css=\"brz-css-vgunl\" data-uniq-id=\"idhPO\"><\/p>\n<p class=\"brz-tp-lg-paragraph brz-css-ojZrs\" data-generated-css=\"brz-css-i0s12\" data-uniq-id=\"p7diW\"><strong class=\"brz-cp-color2\">Contacts d\u00e9l\u00e9gu\u00e9s \u00e0 la protection des donn\u00e9es<\/strong><\/p>\n<p class=\"brz-tp-lg-paragraph brz-css-bIb7u\" data-generated-css=\"brz-css-r0QnL\" data-uniq-id=\"gKG60\"><span class=\"brz-cp-color2\">Titus Baumstark Architecture<\/span><\/p>\n<p class=\"brz-tp-lg-paragraph brz-css-bsjFm\" data-generated-css=\"brz-css-dwbAu\" data-uniq-id=\"yC0QB\"><span class=\"brz-cp-color1 brz-span\">contact@baumstarkarchitecture.com<\/span><\/p>\n<\/div>\n<\/div>\n<\/div>\n<\/div>\n<\/div>\n<\/section>\n<\/div>\n<p>    <!-- version:1744274400 --><\/p>","protected":false},"excerpt":{"rendered":"<p>MENTIONS L\u00c9GALES \u00c9diteur Baumstark Architecture Direction de publication Titus Baumstark Conception du site internet Site internet cr\u00e9e avec passion par LeWeboskop sp\u00e9cialiste en conception de site internet sur mesure. H\u00e9bergeur Le site est h\u00e9berg\u00e9 par la soci\u00e9t\u00e9 : O2switch \u2013 222 Boulevard Gustave Flaubert \u2013 63000 Clermont-Ferrand. Pour contacter cet h\u00e9bergeur, rendez-vous \u00e0 cette adresse &#8230; <a title=\"Legal information and confidentiality\" class=\"read-more\" href=\"https:\/\/www.baumstarkarchitecture.com\/en\/mentions-legales-et-confidentialite\" aria-label=\"Read more about Mentions l\u00e9gales et confidentialit\u00e9\">Read more<\/a><\/p>","protected":false},"author":1,"featured_media":0,"parent":0,"menu_order":9,"comment_status":"closed","ping_status":"closed","template":"brizy-blank-template.php","meta":{"_seopress_robots_primary_cat":"","_seopress_titles_title":"","_seopress_titles_desc":"","_seopress_robots_index":"","footnotes":""},"class_list":["post-24","page","type-page","status-publish"],"brizy_media":[{"id":28,"url":"https:\/\/www.baumstarkarchitecture.com\/wp-content\/uploads\/2025\/04\/fav-1.png","name":"fav-1.png","meta":{"brizy_attachment_uid":"wp-012d17e70a60c95a661cafaa046286a6.png","brizy_post_uid":["a94e234ee1fd897a040e066a64a613b7"]}},{"id":30,"url":"https:\/\/www.baumstarkarchitecture.com\/wp-content\/uploads\/2025\/04\/Sans-titre-1.png","name":"Sans-titre-1.png","meta":{"brizy_attachment_uid":"wp-8d8799d36ef07c4830c9db66fce2b1df.png","brizy_post_uid":["a94e234ee1fd897a040e066a64a613b7"]}},{"id":33,"url":"https:\/\/www.baumstarkarchitecture.com\/wp-content\/uploads\/2025\/04\/Logo-baumstark-architecture-blanc.svg","name":"Logo-baumstark-architecture-blanc.svg","meta":{"brizy_attachment_uid":"wp-8a35061d19cd8f0244636706331180f2.svg","brizy_post_uid":["a94e234ee1fd897a040e066a64a613b7"]}},{"id":34,"url":"https:\/\/www.baumstarkarchitecture.com\/wp-content\/uploads\/2025\/04\/Logo-baumstark-architecture-bleu.svg","name":"Logo-baumstark-architecture-bleu.svg","meta":{"brizy_attachment_uid":"wp-0778fca3206a3688a1dfb9d3cc8783e8.svg","brizy_post_uid":["a94e234ee1fd897a040e066a64a613b7"]}},{"id":35,"url":"https:\/\/www.baumstarkarchitecture.com\/wp-content\/uploads\/2025\/04\/Logo-baumstark-architecture-gris.svg","name":"Logo-baumstark-architecture-gris.svg","meta":{"brizy_attachment_uid":"wp-6ad50bc72a13b65cc6ec1a12b1fb5912.svg","brizy_post_uid":["a94e234ee1fd897a040e066a64a613b7"]}},{"id":36,"url":"https:\/\/www.baumstarkarchitecture.com\/wp-content\/uploads\/2025\/04\/Logo-baumstark-architecture-noir.svg","name":"Logo-baumstark-architecture-noir.svg","meta":{"brizy_attachment_uid":"wp-6b5d84e68a9ec8a95c613c81d261c9db.svg","brizy_post_uid":["a94e234ee1fd897a040e066a64a613b7"]}},{"id":156,"url":"https:\/\/www.baumstarkarchitecture.com\/wp-content\/uploads\/2025\/04\/Baumstark-Architecture.jpg","name":"Baumstark-Architecture.jpg","meta":{"brizy_attachment_uid":"wp-becb75f799ecd58d6ec96f1cb90fd7fb.jpg","brizy_post_uid":["a94e234ee1fd897a040e066a64a613b7"]}},{"id":161,"url":"https:\/\/www.baumstarkarchitecture.com\/wp-content\/uploads\/2025\/04\/background.png","name":"background.png","meta":{"brizy_attachment_uid":"wp-28832752a31456a3fef7af6a88555ec0.png","brizy_post_uid":["a94e234ee1fd897a040e066a64a613b7"]}},{"id":162,"url":"https:\/\/www.baumstarkarchitecture.com\/wp-content\/uploads\/2025\/04\/background-1.png","name":"background-1.png","meta":{"brizy_attachment_uid":"wp-4e09c3291ee74e9220ceb851acf5e37e.png","brizy_post_uid":["a94e234ee1fd897a040e066a64a613b7"]}},{"id":425,"url":"https:\/\/www.baumstarkarchitecture.com\/wp-content\/uploads\/2025\/04\/background-2.png","name":"background-2.png","meta":{"brizy_attachment_uid":"wp-4560c778ead1747fd3abc2a391b4c088.png","brizy_post_uid":["a94e234ee1fd897a040e066a64a613b7"]}},{"id":450,"url":"https:\/\/www.baumstarkarchitecture.com\/wp-content\/uploads\/2025\/04\/baumstark-architecture-chai-coco-Sete-1.jpg","name":"baumstark-architecture-chai-coco-Sete-1.jpg","meta":{"brizy_attachment_uid":"wp-e155b597021cec0f5ff9a67fdba90012.jpg","brizy_post_uid":["a94e234ee1fd897a040e066a64a613b7"]}},{"id":533,"url":"https:\/\/www.baumstarkarchitecture.com\/wp-content\/uploads\/2025\/04\/Baumstark-architecture-1.jpg","name":"Baumstark-architecture-1.jpg","meta":{"brizy_attachment_uid":"wp-bdf9d71155896d9ff60f3b1ba1fa6ee3.jpg","brizy_post_uid":["a94e234ee1fd897a040e066a64a613b7","be9ff4634255c3bf9d80e62824c940e3"]}},{"id":534,"url":"https:\/\/www.baumstarkarchitecture.com\/wp-content\/uploads\/2025\/04\/Baumstark-architecture-2.jpg","name":"Baumstark-architecture-2.jpg","meta":{"brizy_attachment_uid":"wp-16b1c8e732ff46e0a37e60b567fac1f9.jpg","brizy_post_uid":["a94e234ee1fd897a040e066a64a613b7"]}},{"id":535,"url":"https:\/\/www.baumstarkarchitecture.com\/wp-content\/uploads\/2025\/04\/Baumstark-architecture-3.jpg","name":"Baumstark-architecture-3.jpg","meta":{"brizy_attachment_uid":"wp-122cd593e74ec0c110dd80eac09773f9.jpg","brizy_post_uid":["a94e234ee1fd897a040e066a64a613b7","be9ff4634255c3bf9d80e62824c940e3"]}},{"id":536,"url":"https:\/\/www.baumstarkarchitecture.com\/wp-content\/uploads\/2025\/04\/Baumstark-architecture-4.jpg","name":"Baumstark-architecture-4.jpg","meta":{"brizy_attachment_uid":"wp-49ccbeb4c85db3c1f0cac0dbc41095aa.jpg","brizy_post_uid":["a94e234ee1fd897a040e066a64a613b7"]}},{"id":538,"url":"https:\/\/www.baumstarkarchitecture.com\/wp-content\/uploads\/2025\/04\/Baumstark-architecture-6.jpg","name":"Baumstark-architecture-6.jpg","meta":{"brizy_attachment_uid":"wp-828ce9a23355f5a24b1d99022f175b2c.jpg","brizy_post_uid":["a94e234ee1fd897a040e066a64a613b7"]}},{"id":558,"url":"https:\/\/www.baumstarkarchitecture.com\/wp-content\/uploads\/2025\/04\/Baumstark-architecture-7.jpg","name":"Baumstark-architecture-7.jpg","meta":{"brizy_attachment_uid":"wp-e6a9c7f906f74ea5f1602aa5e0f7311e.jpg","brizy_post_uid":["a94e234ee1fd897a040e066a64a613b7","be9ff4634255c3bf9d80e62824c940e3"]}},{"id":611,"url":"https:\/\/www.baumstarkarchitecture.com\/wp-content\/uploads\/2025\/04\/background-3.png","name":"background-3.png","meta":{"brizy_attachment_uid":"wp-c95ad5d796ebd6494981fac859e24642.png","brizy_post_uid":["a94e234ee1fd897a040e066a64a613b7"]}},{"id":952,"url":"https:\/\/www.baumstarkarchitecture.com\/wp-content\/uploads\/2025\/04\/Claire-Elise-Gaufres.jpg","name":"Claire-Elise-Gaufres.jpg","meta":{"brizy_attachment_uid":"wp-9f89df648705ee195d732d772cce5c0c.jpg","brizy_post_uid":["a94e234ee1fd897a040e066a64a613b7"]}},{"id":1158,"url":"https:\/\/www.baumstarkarchitecture.com\/wp-content\/uploads\/2025\/04\/agence-baumstark-architecture-scaled.jpg","name":"agence-baumstark-architecture.jpg","meta":{"brizy_attachment_uid":"wp-4675275892db0d421ea1b1816b4fce6e.jpg","brizy_post_uid":["a94e234ee1fd897a040e066a64a613b7"]}},{"id":1704,"url":"https:\/\/www.baumstarkarchitecture.com\/wp-content\/uploads\/2025\/04\/Titus-Baumstark-architecte-gite-Aniane-Gignac-3.jpg","name":"Titus-Baumstark-architecte-gite-Aniane-Gignac-3.jpg","meta":{"brizy_attachment_uid":"wp-4ad380b8474bb55b35626d7fd1641ec8.jpg","brizy_post_uid":["be9ff4634255c3bf9d80e62824c940e3","a94e234ee1fd897a040e066a64a613b7"]}},{"id":1797,"url":"https:\/\/www.baumstarkarchitecture.com\/wp-content\/uploads\/2025\/05\/titus-baumstark-architecte-bureaux-Indigo-Aimargues-5-1.jpg","name":"titus-baumstark-architecte-bureaux-Indigo-Aimargues-5-1.jpg","meta":{"brizy_attachment_uid":"wp-3db910e4798cf0b238f51cd31c2e31e5.jpg","brizy_post_uid":["be9ff4634255c3bf9d80e62824c940e3","a94e234ee1fd897a040e066a64a613b7"]}},{"id":1798,"url":"https:\/\/www.baumstarkarchitecture.com\/wp-content\/uploads\/2025\/05\/titus-baumstark-architecte-bureaux-Indigo-Aimargues-5-2.jpg","name":"titus-baumstark-architecte-bureaux-Indigo-Aimargues-5-2.jpg","meta":{"brizy_attachment_uid":"wp-96f53607c4c656bc9e8c2a4da0b74461.jpg","brizy_post_uid":["be9ff4634255c3bf9d80e62824c940e3","a94e234ee1fd897a040e066a64a613b7"]}},{"id":2047,"url":"https:\/\/www.baumstarkarchitecture.com\/wp-content\/uploads\/2025\/05\/Villa-K-T-Baumstark-Architecture-4.jpg","name":"Villa-K-T-Baumstark-Architecture-4.jpg","meta":{"brizy_attachment_uid":"wp-d47a813dfc0c82038232c2660822a2a9.jpg","brizy_post_uid":["be9ff4634255c3bf9d80e62824c940e3","a94e234ee1fd897a040e066a64a613b7"]}},{"id":2061,"url":"https:\/\/www.baumstarkarchitecture.com\/wp-content\/uploads\/2025\/05\/Villa-S-Y-Baumstark-Architecture-4.jpg","name":"Villa-S-Y-Baumstark-Architecture-4.jpg","meta":{"brizy_attachment_uid":"wp-eec442511e2c39dfb0062245e91560d5.jpg","brizy_post_uid":["be9ff4634255c3bf9d80e62824c940e3","a94e234ee1fd897a040e066a64a613b7"]}},{"id":2064,"url":"https:\/\/www.baumstarkarchitecture.com\/wp-content\/uploads\/2025\/05\/Villa-S-Y-Baumstark-Architecture-7.jpg","name":"Villa-S-Y-Baumstark-Architecture-7.jpg","meta":{"brizy_attachment_uid":"wp-2bebee6fcb5cfee16e2756150e663613.jpg","brizy_post_uid":["be9ff4634255c3bf9d80e62824c940e3","a94e234ee1fd897a040e066a64a613b7"]}},{"id":2375,"url":"https:\/\/www.baumstarkarchitecture.com\/wp-content\/uploads\/2025\/07\/logo-maf.jpg","name":"logo-maf.jpg","meta":{"brizy_attachment_uid":"wp-3e6b87d412818cc3e254ef9c3091065c.jpg","brizy_post_uid":["a94e234ee1fd897a040e066a64a613b7"]}},{"id":2376,"url":"https:\/\/www.baumstarkarchitecture.com\/wp-content\/uploads\/2025\/07\/logo-ordre-architectes.jpg","name":"logo-ordre-architectes.jpg","meta":{"brizy_attachment_uid":"wp-173ee8eb90d360fe1b2824369a270f56.jpg","brizy_post_uid":["a94e234ee1fd897a040e066a64a613b7"]}},{"id":2392,"url":"https:\/\/www.baumstarkarchitecture.com\/wp-content\/uploads\/2025\/07\/Felix-Kauffmann.jpg","name":"Felix-Kauffmann.jpg","meta":{"brizy_attachment_uid":"wp-442623eba7ba0a51dde8684da5dae29b.jpg","brizy_post_uid":["a94e234ee1fd897a040e066a64a613b7"]}},{"id":2541,"url":"https:\/\/www.baumstarkarchitecture.com\/wp-content\/uploads\/2025\/07\/Titus_Baumstark_architecte-Gignac.jpg","name":"Titus_Baumstark_architecte-Gignac.jpg","meta":{"brizy_attachment_uid":"wp-249d03b958a4d5700ccd680105d17d6f.jpg","brizy_post_uid":["a94e234ee1fd897a040e066a64a613b7"]}}],"_links":{"self":[{"href":"https:\/\/www.baumstarkarchitecture.com\/en\/wp-json\/wp\/v2\/pages\/24","targetHints":{"allow":["GET"]}}],"collection":[{"href":"https:\/\/www.baumstarkarchitecture.com\/en\/wp-json\/wp\/v2\/pages"}],"about":[{"href":"https:\/\/www.baumstarkarchitecture.com\/en\/wp-json\/wp\/v2\/types\/page"}],"author":[{"embeddable":true,"href":"https:\/\/www.baumstarkarchitecture.com\/en\/wp-json\/wp\/v2\/users\/1"}],"replies":[{"embeddable":true,"href":"https:\/\/www.baumstarkarchitecture.com\/en\/wp-json\/wp\/v2\/comments?post=24"}],"version-history":[{"count":0,"href":"https:\/\/www.baumstarkarchitecture.com\/en\/wp-json\/wp\/v2\/pages\/24\/revisions"}],"wp:attachment":[{"href":"https:\/\/www.baumstarkarchitecture.com\/en\/wp-json\/wp\/v2\/media?parent=24"}],"curies":[{"name":"wp","href":"https:\/\/api.w.org\/{rel}","templated":true}]}}